{"id":142,"date":"2021-08-10T12:00:03","date_gmt":"2021-08-10T12:00:03","guid":{"rendered":"https:\/\/prizrencommerce.com\/?page_id=142"},"modified":"2023-11-25T14:33:03","modified_gmt":"2023-11-25T14:33:03","slug":"per-ne","status":"publish","type":"page","link":"https:\/\/prizrencommerce.com\/index.php\/per-ne\/","title":{"rendered":"P\u00ebr ne"},"content":{"rendered":"\n\t<section class=\"section\" id=\"section_1259479031\">\n\t\t<div class=\"section-bg fill\" >\n\t\t\t\t\t\t\t\t\t\n\t\t\t\n\n\t\t<\/div>\n\n\t\t\n\n\t\t<div class=\"section-content relative\">\n\t\t\t\n\t<div id=\"gap-92914497\" class=\"gap-element clearfix\" style=\"display:block; height:auto;\">\n\t\t\n<style>\n#gap-92914497 {\n  padding-top: 30px;\n}\n<\/style>\n\t<\/div>\n\t\n<div class=\"row align-center\"  id=\"row-727854386\">\n\n\t<div id=\"col-1665895202\" class=\"col medium-5 small-10 large-5\"  >\n\t\t\t\t<div class=\"col-inner\"  >\n\t\t\t\n\t\t\t\n<div class=\"row align-middle align-center\"  id=\"row-1481686081\">\n\n\t<div id=\"col-76972783\" class=\"col small-12 large-12\"  >\n\t\t<div class=\"is-sticky-column\"><div class=\"is-sticky-column__inner\">\t\t<div class=\"col-inner\"  >\n\t\t\t\n\t\t\t\n<h2>Rreth nesh<\/h2>\n<div class=\"is-divider divider clearfix\" style=\"margin-top:0.1em;margin-bottom:0.1em;max-width:350px;height:1px;background-color:rgb(158, 157, 157);\"><\/div>\n\t\t<\/div>\n\t\t<\/div><\/div>\t\t\t<\/div>\n\n\t\n<\/div>\n\t\t<\/div>\n\t\t\t\t\t<\/div>\n\n\t\n\n\t<div id=\"col-741376827\" class=\"col medium-7 small-10 large-7\"  >\n\t\t\t\t<div class=\"col-inner\"  >\n\t\t\t\n\t\t\t\n<p>Prizren Commerce Group Sh. P. K. si nd\u00ebrmarrje biznesi p\u00ebr import dhe distribucion \u00ebsht\u00eb themeluar n\u00eb vitin 1990, gjegj\u00ebsisht m\u00eb 1. 4. 1990, n\u00eb Prizren. Aktivitetet afariste, n\u00eb fillim jan\u00eb ushtruar vet\u00ebm n\u00eb territorin e Prizrenit.<\/p>\n<p>Megjithat\u00eb, pas sukseseve q\u00eb jan\u00eb arritur n\u00eb k\u00ebt\u00eb regjion, nd\u00ebrmarrja zgjeron aktivitetin n\u00eb t\u00eb gjitha pjes\u00ebt e Republik\u00ebs s\u00eb Kosov\u00ebs. Prizren Commerce Group Sh.P.K, ofron gam\u00eb t\u00eb gjer\u00eb asortimentesh t\u00eb ndryshme t\u00eb kompanive t\u00eb njohura sipas standardeve Evropiane e m\u00eb gjer\u00eb.<\/p>\n<p>Stafi profesional i kompanis\u00eb, q\u00eb vazhdimisht \u00ebsht\u00eb n\u00eb rritje e sip\u00ebr, n\u00eb sferat e marketingut, shitjes, logjistik\u00ebs, financave, r\u00ebnd\u00ebsi t\u00eb posa\u00e7me i kushton bashk\u00ebpunimit t\u00eb mir\u00ebfillt\u00eb me t\u00eb gjith\u00eb partner\u00ebt e saj afarist.<\/p>\n<p>S\u00eb fundi, kompania \u00ebsht\u00eb duke punuar n\u00eb formimin e brendeve private t\u00eb kompanis\u00eb q\u00eb njihen si PCG Products. Disa prej produkteve me brendin ton\u00eb vet\u00ebm se jan\u00eb prezent t\u00eb treg.<\/p>\n\t\t<\/div>\n\t\t\t\t\t<\/div>\n\n\t\n<\/div>\n\t\t<\/div>\n\n\t\t\n<style>\n#section_1259479031 {\n  padding-top: 60px;\n  padding-bottom: 60px;\n}\n<\/style>\n\t<\/section>\n\t\n","protected":false},"excerpt":{"rendered":"","protected":false},"author":1,"featured_media":0,"parent":0,"menu_order":0,"comment_status":"closed","ping_status":"closed","template":"page-blank.php","meta":{"footnotes":""},"class_list":["post-142","page","type-page","status-publish","hentry"],"_links":{"self":[{"href":"https:\/\/prizrencommerce.com\/index.php\/wp-json\/wp\/v2\/pages\/142","targetHints":{"allow":["GET"]}}],"collection":[{"href":"https:\/\/prizrencommerce.com\/index.php\/wp-json\/wp\/v2\/pages"}],"about":[{"href":"https:\/\/prizrencommerce.com\/index.php\/wp-json\/wp\/v2\/types\/page"}],"author":[{"embeddable":true,"href":"https:\/\/prizrencommerce.com\/index.php\/wp-json\/wp\/v2\/users\/1"}],"replies":[{"embeddable":true,"href":"https:\/\/prizrencommerce.com\/index.php\/wp-json\/wp\/v2\/comments?post=142"}],"version-history":[{"count":5,"href":"https:\/\/prizrencommerce.com\/index.php\/wp-json\/wp\/v2\/pages\/142\/revisions"}],"predecessor-version":[{"id":359,"href":"https:\/\/prizrencommerce.com\/index.php\/wp-json\/wp\/v2\/pages\/142\/revisions\/359"}],"wp:attachment":[{"href":"https:\/\/prizrencommerce.com\/index.php\/wp-json\/wp\/v2\/media?parent=142"}],"curies":[{"name":"wp","href":"https:\/\/api.w.org\/{rel}","templated":true}]}}