{"id":7,"date":"2021-08-06T09:19:16","date_gmt":"2021-08-06T09:19:16","guid":{"rendered":"https:\/\/prizrencommerce.com\/?page_id=7"},"modified":"2025-08-19T08:49:02","modified_gmt":"2025-08-19T08:49:02","slug":"ballina","status":"publish","type":"page","link":"https:\/\/prizrencommerce.com\/","title":{"rendered":"Ballina"},"content":{"rendered":"\n\n  <div class=\"banner has-hover has-video\" id=\"banner-321279179\">\n          <div class=\"banner-inner fill\">\n        <div class=\"banner-bg fill\" >\n                        \t<div class=\"video-overlay no-click fill visible\"><\/div>\n\t<video class=\"video-bg fill visible\" preload playsinline autoplay muted>\n\t\t<source src=\"https:\/\/prizrencommerce.com\/wp-content\/uploads\/2023\/11\/2367660_Pallet-20Truck_Pump-20Truck_Mechanical-20Lift_3840x2160.mp4\" type=\"video\/mp4\">\t<\/video>\n            <div class=\"overlay\"><\/div>            \n                    <\/div>\n\t\t\n\t<div class=\"ux-shape-divider ux-shape-divider--bottom ux-shape-divider--style-waves-opacity-3\">\n\t\t<svg viewBox=\"0 0 1000 300\" xmlns=\"http:\/\/www.w3.org\/2000\/svg\" preserveAspectRatio=\"none\">\n\t<path class=\"ux-shape-fill\" opacity=\"0.05\" d=\"M1014 264V386H206L34 300C34 300 344.42 277.16 436 221C542 156 590 160 704 209C811 255 899.11 214.94 979 346L1014 264Z\"\/>\n\t<path class=\"ux-shape-fill\" opacity=\"0.1\" d=\"M-302 55C-302 55 -66.73 263.25 50 214C178 160 283 116 353 141C445.68 174.1 534.28 256.19 588 249C692.9 235 764.52 75.94 855 131C940.61 183.09 1000 254 1000 254V328L-306 338L-302 55Z\"\/>\n\t<path class=\"ux-shape-fill\" opacity=\"0.15\" d=\"M-286 255C-286 255 -72 152 52 126C176 100 255 155 436 227C581.57 284.91 614.7 277.79 708 227C787 184 1009 3.0001 1093 164C1146 265.63 1031 293 1031 293L924 377L-288 389L-286 255Z\"\/>\n\t<path class=\"ux-shape-fill\" opacity=\"0.3\" d=\"M-24 69C-24 69 275.68 370.66 389 314C397 310 622 316 673 356C690.47 369.7 845 224 890 182C944.8 130.85 1018 92 1078 143C1154.12 207.7 1196 242 1196 242L1184 374L-28 386L-24 69Z\"\/>\n\t<path class=\"ux-shape-fill\" d=\"M-12 201C-12 201 58 284 182 258C306 232 342.29 221.23 456 264C565 305 640.82 288.36 721 249C776 222 837.5 191.31 935 253C984 284 1030 279 1030 279L1024 430L-12 440V201Z\"\/>\n<\/svg>\n\t<\/div>\n        <div class=\"banner-layers container\">\n            <div class=\"fill banner-link\"><\/div>            \n\n   <div id=\"text-box-1269140771\" class=\"text-box banner-layer x50 md-x0 lg-x0 y25 md-y50 lg-y50 res-text\">\n                                <div class=\"text-box-content text dark\">\n              \n              <div class=\"text-inner text-left\">\n                  \n\n\t<div id=\"text-2522077583\" class=\"text\">\n\t\t\n\n<h2><strong>Prizren Commerce Group<\/strong><\/h2>\n<p>mbulon nj\u00eb zon\u00eb t\u00eb madhe t\u00eb Kosov\u00ebs. Produktet tona jan\u00eb prezent n\u00eb 95%, apo n\u00eb rreth 1700 pika shit\u00ebse t\u00eb shtetit ton\u00eb.<\/p>\n\t\t\n<style>\n#text-2522077583 {\n  font-size: 0.75rem;\n  text-align: left;\n}\n<\/style>\n\t<\/div>\n\t\n\n              <\/div>\n           <\/div>\n                            \n<style>\n#text-box-1269140771 {\n  width: 93%;\n}\n#text-box-1269140771 .text-box-content {\n  font-size: 110%;\n}\n@media (min-width:550px) {\n  #text-box-1269140771 {\n    width: 55%;\n  }\n  #text-box-1269140771 .text-box-content {\n    font-size: 100%;\n  }\n}\n<\/style>\n    <\/div>\n \n   <div id=\"text-box-1570379092\" class=\"text-box banner-layer x50 md-x100 lg-x100 y80 md-y50 lg-y50 res-text\">\n                                <div class=\"text-box-content text dark\">\n              \n              <div class=\"text-inner text-right\">\n                  \n\n\t<div id=\"stack-3349442337\" class=\"stack stack-row justify-start items-stretch\">\n\t\t\n\n\t<div class=\"img has-hover x md-x lg-x y md-y lg-y\" id=\"image_867936144\">\n\t\t\t\t\t\t\t\t<div class=\"img-inner dark\" >\n\t\t\t<img loading=\"lazy\" decoding=\"async\" width=\"354\" height=\"191\" src=\"https:\/\/prizrencommerce.com\/wp-content\/uploads\/2023\/11\/PCG-Logo-removebg-preview.png\" class=\"attachment-original size-original\" alt=\"\" srcset=\"https:\/\/prizrencommerce.com\/wp-content\/uploads\/2023\/11\/PCG-Logo-removebg-preview.png 354w, https:\/\/prizrencommerce.com\/wp-content\/uploads\/2023\/11\/PCG-Logo-removebg-preview-300x162.png 300w\" sizes=\"auto, (max-width: 354px) 100vw, 354px\" \/>\t\t\t\t\t\t\n\t\t\t\t\t<\/div>\n\t\t\t\t\t\t\t\t\n<style>\n#image_867936144 {\n  width: 100%;\n}\n<\/style>\n\t<\/div>\n\t\n\n\t<div class=\"img has-hover x md-x lg-x y md-y lg-y\" id=\"image_620960541\">\n\t\t\t\t\t\t\t\t<div class=\"img-inner dark\" >\n\t\t\t<img loading=\"lazy\" decoding=\"async\" width=\"645\" height=\"387\" src=\"https:\/\/prizrencommerce.com\/wp-content\/uploads\/2023\/11\/Super_Cips_-_Logo-pdf-removebg-preview.png\" class=\"attachment-original size-original\" alt=\"\" srcset=\"https:\/\/prizrencommerce.com\/wp-content\/uploads\/2023\/11\/Super_Cips_-_Logo-pdf-removebg-preview.png 645w, https:\/\/prizrencommerce.com\/wp-content\/uploads\/2023\/11\/Super_Cips_-_Logo-pdf-removebg-preview-300x180.png 300w\" sizes=\"auto, (max-width: 645px) 100vw, 645px\" \/>\t\t\t\t\t\t\n\t\t\t\t\t<\/div>\n\t\t\t\t\t\t\t\t\n<style>\n#image_620960541 {\n  width: 100%;\n}\n<\/style>\n\t<\/div>\n\t\n\n\n\t\t\n<style>\n#stack-3349442337 > * {\n  --stack-gap: 0rem;\n}\n<\/style>\n\t<\/div>\n\t\n\n              <\/div>\n           <\/div>\n                            \n<style>\n#text-box-1570379092 {\n  width: 72%;\n}\n#text-box-1570379092 .text-box-content {\n  font-size: 100%;\n}\n@media (min-width:550px) {\n  #text-box-1570379092 {\n    width: 33%;\n  }\n}\n<\/style>\n    <\/div>\n \n\n        <\/div>\n      <\/div>\n\n            \n<style>\n#banner-321279179 {\n  padding-top: 469px;\n  background-color: rgb(255, 255, 255);\n}\n#banner-321279179 .overlay {\n  background-color: rgba(0, 0, 0, 0.57);\n}\n#banner-321279179 .ux-shape-divider--bottom svg {\n  height: 150px;\n  --divider-width: 100%;\n}\n@media (min-width:550px) {\n  #banner-321279179 {\n    padding-top: 500px;\n  }\n  #banner-321279179 .overlay {\n    background-color: rgba(0,0,0,.5);\n  }\n}\n<\/style>\n  <\/div>\n\n\n<div class=\"row\" style=\"max-width:1600px\" id=\"row-255011155\">\n\n\n\t<div id=\"col-1613825831\" class=\"col small-12 large-12\"  >\n\t\t\t\t<div class=\"col-inner\"  >\n\t\t\t\n\t\t\t\n\n<div class=\"slider-wrapper relative\" id=\"slider-2070765388\" >\n    <div class=\"slider slider-nav-simple slider-nav-large slider-nav-dark slider-nav-outside slider-style-normal slider-show-nav\"\n        data-flickity-options='{\n            \"cellAlign\": \"center\",\n            \"imagesLoaded\": true,\n            \"lazyLoad\": 1,\n            \"freeScroll\": true,\n            \"wrapAround\": true,\n            \"autoPlay\": 900,\n            \"pauseAutoPlayOnHover\" : true,\n            \"prevNextButtons\": true,\n            \"contain\" : true,\n            \"adaptiveHeight\" : true,\n            \"dragThreshold\" : 10,\n            \"percentPosition\": true,\n            \"pageDots\": false,\n            \"rightToLeft\": false,\n            \"draggable\": true,\n            \"selectedAttraction\": 0.1,\n            \"parallax\" : 0,\n            \"friction\": 0.6        }'\n        >\n        \n\n<div class=\"ux-logo has-hover align-middle ux_logo inline-block\" style=\"max-width: 100%!important; width: 130px!important\"><div class=\"ux-logo-link block image-zoom\" title=\"\" href=\"\" style=\"padding: 15px;\"><img decoding=\"async\" src=\"https:\/\/prizrencommerce.com\/wp-content\/uploads\/2023\/11\/21.png\" title=\"\" alt=\"\" class=\"ux-logo-image block\" style=\"height:50px;\" \/><\/div><\/div>\n\n<div class=\"ux-logo has-hover align-middle ux_logo inline-block\" style=\"max-width: 100%!important; width: 77.810650887574px!important\"><div class=\"ux-logo-link block image-zoom\" title=\"\" href=\"\" style=\"padding: 15px;\"><img decoding=\"async\" src=\"https:\/\/prizrencommerce.com\/wp-content\/uploads\/2025\/08\/001.webp\" title=\"\" alt=\"\" class=\"ux-logo-image block\" style=\"height:50px;\" \/><\/div><\/div>\n\n<div class=\"ux-logo has-hover align-middle ux_logo inline-block\" style=\"max-width: 100%!important; width: 145.56195965418px!important\"><div class=\"ux-logo-link block image-zoom\" title=\"\" href=\"\" style=\"padding: 15px;\"><img decoding=\"async\" src=\"https:\/\/prizrencommerce.com\/wp-content\/uploads\/2025\/08\/002.webp\" title=\"\" alt=\"\" class=\"ux-logo-image block\" style=\"height:50px;\" \/><\/div><\/div>\n\n<div class=\"ux-logo has-hover align-middle ux_logo inline-block\" style=\"max-width: 100%!important; width: 80px!important\"><div class=\"ux-logo-link block image-zoom\" title=\"\" href=\"\" style=\"padding: 15px;\"><img decoding=\"async\" src=\"https:\/\/prizrencommerce.com\/wp-content\/uploads\/2025\/08\/004.webp\" title=\"\" alt=\"\" class=\"ux-logo-image block\" style=\"height:50px;\" \/><\/div><\/div>\n\n<div class=\"ux-logo has-hover align-middle ux_logo inline-block\" style=\"max-width: 100%!important; width: 124.34628975265px!important\"><div class=\"ux-logo-link block image-zoom\" title=\"\" href=\"\" style=\"padding: 15px;\"><img decoding=\"async\" src=\"https:\/\/prizrencommerce.com\/wp-content\/uploads\/2025\/08\/003.webp\" title=\"\" alt=\"\" class=\"ux-logo-image block\" style=\"height:50px;\" \/><\/div><\/div>\n\n<div class=\"ux-logo has-hover align-middle ux_logo inline-block\" style=\"max-width: 100%!important; width: 130px!important\"><div class=\"ux-logo-link block image-zoom\" title=\"\" href=\"\" style=\"padding: 15px;\"><img decoding=\"async\" src=\"https:\/\/prizrencommerce.com\/wp-content\/uploads\/2023\/11\/1.png\" title=\"\" alt=\"\" class=\"ux-logo-image block\" style=\"height:50px;\" \/><\/div><\/div>\n\n<div class=\"ux-logo has-hover align-middle ux_logo inline-block\" style=\"max-width: 100%!important; width: 130px!important\"><div class=\"ux-logo-link block image-zoom\" title=\"\" href=\"\" style=\"padding: 15px;\"><img decoding=\"async\" src=\"https:\/\/prizrencommerce.com\/wp-content\/uploads\/2023\/11\/2.png\" title=\"\" alt=\"\" class=\"ux-logo-image block\" style=\"height:50px;\" \/><\/div><\/div>\n\n<div class=\"ux-logo has-hover align-middle ux_logo inline-block\" style=\"max-width: 100%!important; width: 130px!important\"><div class=\"ux-logo-link block image-zoom\" title=\"\" href=\"\" style=\"padding: 15px;\"><img decoding=\"async\" src=\"https:\/\/prizrencommerce.com\/wp-content\/uploads\/2023\/11\/9.png\" title=\"\" alt=\"\" class=\"ux-logo-image block\" style=\"height:50px;\" \/><\/div><\/div>\n\n<div class=\"ux-logo has-hover align-middle ux_logo inline-block\" style=\"max-width: 100%!important; width: 130px!important\"><div class=\"ux-logo-link block image-zoom\" title=\"\" href=\"\" style=\"padding: 15px;\"><img decoding=\"async\" src=\"https:\/\/prizrencommerce.com\/wp-content\/uploads\/2023\/11\/family.png\" title=\"\" alt=\"\" class=\"ux-logo-image block\" style=\"height:50px;\" \/><\/div><\/div>\n\n<div class=\"ux-logo has-hover align-middle ux_logo inline-block\" style=\"max-width: 100%!important; width: 130px!important\"><div class=\"ux-logo-link block image-zoom\" title=\"\" href=\"\" style=\"padding: 15px;\"><img decoding=\"async\" src=\"https:\/\/prizrencommerce.com\/wp-content\/uploads\/2023\/11\/7.png\" title=\"\" alt=\"\" class=\"ux-logo-image block\" style=\"height:50px;\" \/><\/div><\/div>\n\n<div class=\"ux-logo has-hover align-middle ux_logo inline-block\" style=\"max-width: 100%!important; width: 130px!important\"><div class=\"ux-logo-link block image-zoom\" title=\"\" href=\"\" style=\"padding: 15px;\"><img decoding=\"async\" src=\"https:\/\/prizrencommerce.com\/wp-content\/uploads\/2023\/11\/6.png\" title=\"\" alt=\"\" class=\"ux-logo-image block\" style=\"height:50px;\" \/><\/div><\/div>\n\n<div class=\"ux-logo has-hover align-middle ux_logo inline-block\" style=\"max-width: 100%!important; width: 130px!important\"><div class=\"ux-logo-link block image-zoom\" title=\"\" href=\"\" style=\"padding: 15px;\"><img decoding=\"async\" src=\"https:\/\/prizrencommerce.com\/wp-content\/uploads\/2023\/11\/8.png\" title=\"\" alt=\"\" class=\"ux-logo-image block\" style=\"height:50px;\" \/><\/div><\/div>\n\n<div class=\"ux-logo has-hover align-middle ux_logo inline-block\" style=\"max-width: 100%!important; width: 130px!important\"><div class=\"ux-logo-link block image-zoom\" title=\"\" href=\"\" style=\"padding: 15px;\"><img decoding=\"async\" src=\"https:\/\/prizrencommerce.com\/wp-content\/uploads\/2023\/11\/5.png\" title=\"\" alt=\"\" class=\"ux-logo-image block\" style=\"height:50px;\" \/><\/div><\/div>\n\n<div class=\"ux-logo has-hover align-middle ux_logo inline-block\" style=\"max-width: 100%!important; width: 130px!important\"><div class=\"ux-logo-link block image-zoom\" title=\"\" href=\"\" style=\"padding: 15px;\"><img decoding=\"async\" src=\"https:\/\/prizrencommerce.com\/wp-content\/uploads\/2023\/11\/3.png\" title=\"\" alt=\"\" class=\"ux-logo-image block\" style=\"height:50px;\" \/><\/div><\/div>\n\n<div class=\"ux-logo has-hover align-middle ux_logo inline-block\" style=\"max-width: 100%!important; width: 130px!important\"><div class=\"ux-logo-link block image-zoom\" title=\"\" href=\"\" style=\"padding: 15px;\"><img decoding=\"async\" src=\"https:\/\/prizrencommerce.com\/wp-content\/uploads\/2023\/11\/4.png\" title=\"\" alt=\"\" class=\"ux-logo-image block\" style=\"height:50px;\" \/><\/div><\/div>\n\n<div class=\"ux-logo has-hover align-middle ux_logo inline-block\" style=\"max-width: 100%!important; width: 130px!important\"><div class=\"ux-logo-link block image-zoom\" title=\"\" href=\"\" style=\"padding: 15px;\"><img decoding=\"async\" src=\"https:\/\/prizrencommerce.com\/wp-content\/uploads\/2023\/11\/11.png\" title=\"\" alt=\"\" class=\"ux-logo-image block\" style=\"height:50px;\" \/><\/div><\/div>\n\n<div class=\"ux-logo has-hover align-middle ux_logo inline-block\" style=\"max-width: 100%!important; width: 130px!important\"><div class=\"ux-logo-link block image-zoom\" title=\"\" href=\"\" style=\"padding: 15px;\"><img decoding=\"async\" src=\"https:\/\/prizrencommerce.com\/wp-content\/uploads\/2023\/11\/10.png\" title=\"\" alt=\"\" class=\"ux-logo-image block\" style=\"height:50px;\" \/><\/div><\/div>\n\n<div class=\"ux-logo has-hover align-middle ux_logo inline-block\" style=\"max-width: 100%!important; width: 96.615384615385px!important\"><div class=\"ux-logo-link block image-zoom\" title=\"\" href=\"\" style=\"padding: 15px;\"><img decoding=\"async\" src=\"https:\/\/prizrencommerce.com\/wp-content\/uploads\/2025\/05\/366_beypilic_logo.jpg\" title=\"\" alt=\"\" class=\"ux-logo-image block\" style=\"height:50px;\" \/><\/div><\/div>\n\n\n     <\/div>\n\n     <div class=\"loading-spin dark large centered\"><\/div>\n\n\t<\/div>\n\n\n\n\t\t<\/div>\n\t\t\t\t\t<\/div>\n\n\t\n\n<\/div>\n\t<div id=\"gap-988086578\" class=\"gap-element clearfix\" style=\"display:block; height:auto;\">\n\t\t\n<style>\n#gap-988086578 {\n  padding-top: 35px;\n}\n<\/style>\n\t<\/div>\n\t\n\n\n\t<section class=\"section\" id=\"section_1473670932\">\n\t\t<div class=\"section-bg fill\" >\n\t\t\t\t\t\t\t\t\t\n\t\t\t\n\n\t\t<\/div>\n\n\t\t\n\n\t\t<div class=\"section-content relative\">\n\t\t\t\n\n\t<div id=\"gap-2136412382\" class=\"gap-element clearfix\" style=\"display:block; height:auto;\">\n\t\t\n<style>\n#gap-2136412382 {\n  padding-top: 30px;\n}\n<\/style>\n\t<\/div>\n\t\n\n<div class=\"row align-middle\"  id=\"row-1066064691\">\n\n\n\t<div id=\"col-198286780\" class=\"col hide-for-small medium-3 small-12 large-3\"  >\n\t\t\t\t<div class=\"col-inner\"  >\n\t\t\t\n\t\t\t\n\n\n  <div class=\"banner has-hover\" id=\"banner-76806086\">\n          <div class=\"banner-inner fill\">\n        <div class=\"banner-bg fill\" >\n            <img loading=\"lazy\" decoding=\"async\" width=\"1000\" height=\"667\" src=\"https:\/\/prizrencommerce.com\/wp-content\/uploads\/2023\/11\/young-courier-his-colleague-unloading-cardboard-boxes-from-delivery-van.jpg\" class=\"bg attachment-large size-large\" alt=\"\" \/>                                    \n                    <\/div>\n\t\t\n        <div class=\"banner-layers container\">\n            <div class=\"fill banner-link\"><\/div>            \n\n\n        <\/div>\n      <\/div>\n\n            \n<style>\n#banner-76806086 {\n  padding-top: 420px;\n}\n#banner-76806086 .banner-bg img {\n  object-position: 9% 0%;\n}\n<\/style>\n  <\/div>\n\n\n\n\t\t<\/div>\n\t\t\t\t\t<\/div>\n\n\t\n\n\t<div id=\"col-428982902\" class=\"col medium-3 small-12 large-3\"  >\n\t\t\t\t<div class=\"col-inner\"  >\n\t\t\t\n\t\t\t\n\n\t<div id=\"gap-398669535\" class=\"gap-element clearfix\" style=\"display:block; height:auto;\">\n\t\t\n<style>\n#gap-398669535 {\n  padding-top: 23px;\n}\n<\/style>\n\t<\/div>\n\t\n\n\n  <div class=\"banner has-hover\" id=\"banner-870027959\">\n          <div class=\"banner-inner fill\">\n        <div class=\"banner-bg fill\" >\n            <img loading=\"lazy\" decoding=\"async\" width=\"1000\" height=\"667\" src=\"https:\/\/prizrencommerce.com\/wp-content\/uploads\/2023\/11\/young-courier-his-colleague-unloading-cardboard-boxes-from-delivery-van.jpg\" class=\"bg attachment-large size-large\" alt=\"\" \/>                                    \n                    <\/div>\n\t\t\n        <div class=\"banner-layers container\">\n            <div class=\"fill banner-link\"><\/div>            \n\n\n        <\/div>\n      <\/div>\n\n            \n<style>\n#banner-870027959 {\n  padding-top: 185px;\n}\n#banner-870027959 .banner-bg img {\n  object-position: 73% 100%;\n}\n@media (min-width:550px) {\n  #banner-870027959 {\n    padding-top: 380px;\n  }\n}\n<\/style>\n  <\/div>\n\n\n\n\t\t<\/div>\n\t\t\t\t\t<\/div>\n\n\t\n\n\t<div id=\"col-2050664083\" class=\"col medium-6 small-12 large-6\"  >\n\t\t\t\t<div class=\"col-inner\"  >\n\t\t\t\n\t\t\t\n\n\t<div id=\"gap-1723388447\" class=\"gap-element clearfix\" style=\"display:block; height:auto;\">\n\t\t\n<style>\n#gap-1723388447 {\n  padding-top: 0px;\n}\n@media (min-width:550px) {\n  #gap-1723388447 {\n    padding-top: 30px;\n  }\n}\n<\/style>\n\t<\/div>\n\t\n\n<h1 class=\"uppercase\"><span style=\"font-size: 120%;\">P\u00ebr NE<\/span><\/h1>\n<p>Prizren Commerce Group Sh. P. K. si nd\u00ebrmarrje biznesi p\u00ebr import dhe distribucion \u00ebsht\u00eb themeluar n\u00eb vitin 1990, gjegj\u00ebsisht m\u00eb 1. 4. 1990, n\u00eb Prizren. Aktivitetet afariste, n\u00eb fillim jan\u00eb ushtruar vet\u00ebm n\u00eb territorin e Prizrenit.<\/p>\n<p>Megjithat\u00eb, pas sukseseve q\u00eb jan\u00eb arritur n\u00eb k\u00ebt\u00eb regjion, nd\u00ebrmarrja zgjeron aktivitetin n\u00eb t\u00eb gjitha pjes\u00ebt e Republik\u00ebs s\u00eb Kosov\u00ebs. Prizren Commerce Group Sh.P.K, ofron gam\u00eb t\u00eb gjer\u00eb asortimentesh t\u00eb ndryshme t\u00eb kompanive t\u00eb njohura sipas standardeve Evropiane e m\u00eb gjer\u00eb.<\/p>\n<a href=\"https:\/\/prizrencommerce.com\/index.php\/per-ne\/\" class=\"button primary is-link is-small\" >\n\t\t<span>m\u00eb shum\u00eb<\/span>\n\t<i class=\"icon-angle-right\" aria-hidden=\"true\"><\/i><\/a>\n\n\n\n\t\t<\/div>\n\t\t\t\t\n<style>\n#col-2050664083 > .col-inner {\n  padding: 0px 0px 0px 0px;\n}\n@media (min-width:550px) {\n  #col-2050664083 > .col-inner {\n    padding: 0px 10px 0px 20px;\n  }\n}\n<\/style>\n\t<\/div>\n\n\t\n\n<\/div>\n<div class=\"row\"  id=\"row-984532952\">\n\n\n\t<div id=\"col-1816303259\" class=\"col small-12 large-12\"  >\n\t\t\t\t<div class=\"col-inner\"  >\n\t\t\t\n\t\t\t\n\n\n\t\t<\/div>\n\t\t\t\t\t<\/div>\n\n\t\n\n<\/div>\n\n\t\t<\/div>\n\n\t\t\n<style>\n#section_1473670932 {\n  padding-top: 0px;\n  padding-bottom: 0px;\n}\n@media (min-width:550px) {\n  #section_1473670932 {\n    padding-top: 30px;\n    padding-bottom: 30px;\n  }\n}\n<\/style>\n\t<\/section>\n\t\n\n\t<section class=\"section\" id=\"section_760629616\">\n\t\t<div class=\"section-bg fill\" >\n\t\t\t<img loading=\"lazy\" decoding=\"async\" width=\"2560\" height=\"178\" src=\"https:\/\/prizrencommerce.com\/wp-content\/uploads\/2023\/04\/Banner-1-1-scaled-1.jpg\" class=\"bg attachment-original size-original\" alt=\"\" \/>\t\t\t\t\t\t<div class=\"section-bg-overlay absolute fill\"><\/div>\n\t\t\t\n\n\t\t<\/div>\n\n\t\t\n\n\t\t<div class=\"section-content relative\">\n\t\t\t\n\n\t<div id=\"gap-242310150\" class=\"gap-element clearfix\" style=\"display:block; height:auto;\">\n\t\t\n<style>\n#gap-242310150 {\n  padding-top: 35px;\n}\n<\/style>\n\t<\/div>\n\t\n\n<div class=\"row align-middle align-center\"  id=\"row-2049103270\">\n\n\n\t<div id=\"col-157652923\" class=\"col medium-6 small-12 large-6\"  >\n\t\t\t\t<div class=\"col-inner\"  >\n\t\t\t\n\t\t\t\n\n<h2 style=\"text-align: center;\"><span style=\"font-size: 110%;\">Let&#8217;s connect on social media\u00a0<\/span><\/h2>\n\n\t\t<\/div>\n\t\t\t\t\t<\/div>\n\n\t\n\n\t<div id=\"col-1354045288\" class=\"col medium-2 small-5 large-2\"  >\n\t\t\t\t<div class=\"col-inner\"  >\n\t\t\t\n\t\t\t\n\n\t<div id=\"stack-745948182\" class=\"stack stack-row justify-center items-stretch\">\n\t\t\n\n\t<div class=\"img has-hover x md-x lg-x y md-y lg-y\" id=\"image_1752715555\">\n\t\t<a class=\"\" href=\"https:\/\/www.facebook.com\/prizrencommerce\" target=\"_blank\" rel=\"noopener\" >\t\t\t\t\t\t<div class=\"img-inner dark\" >\n\t\t\t<img loading=\"lazy\" decoding=\"async\" width=\"512\" height=\"512\" src=\"https:\/\/prizrencommerce.com\/wp-content\/uploads\/2021\/08\/facebook-2.svg\" class=\"attachment-original size-original\" alt=\"\" srcset=\"https:\/\/prizrencommerce.com\/wp-content\/uploads\/\/2021\/08\/facebook-2.svg 150w, https:\/\/prizrencommerce.com\/wp-content\/uploads\/\/2021\/08\/facebook-2.svg 300w, https:\/\/prizrencommerce.com\/wp-content\/uploads\/\/2021\/08\/facebook-2.svg 1024w, https:\/\/prizrencommerce.com\/wp-content\/uploads\/\/2021\/08\/facebook-2.svg 1536w, https:\/\/prizrencommerce.com\/wp-content\/uploads\/\/2021\/08\/facebook-2.svg 2048w, https:\/\/prizrencommerce.com\/wp-content\/uploads\/\/2021\/08\/facebook-2.svg 512w\" sizes=\"auto, (max-width: 512px) 100vw, 512px\" \/>\t\t\t\t\t\t\n\t\t\t\t\t<\/div>\n\t\t\t\t\t\t<\/a>\t\t\n<style>\n#image_1752715555 {\n  width: 27%;\n}\n<\/style>\n\t<\/div>\n\t\n\n\t<div class=\"img has-hover x md-x lg-x y md-y lg-y\" id=\"image_1462101273\">\n\t\t<a class=\"\" href=\"https:\/\/www.instagram.com\/prizrencommerce\/\" target=\"_blank\" rel=\"noopener\" >\t\t\t\t\t\t<div class=\"img-inner dark\" >\n\t\t\t<img loading=\"lazy\" decoding=\"async\" width=\"24\" height=\"24\" src=\"https:\/\/prizrencommerce.com\/wp-content\/uploads\/2021\/08\/instagram.svg\" class=\"attachment-original size-original\" alt=\"\" srcset=\"https:\/\/prizrencommerce.com\/wp-content\/uploads\/\/2021\/08\/instagram.svg 150w, https:\/\/prizrencommerce.com\/wp-content\/uploads\/\/2021\/08\/instagram.svg 300w, https:\/\/prizrencommerce.com\/wp-content\/uploads\/\/2021\/08\/instagram.svg 1024w, https:\/\/prizrencommerce.com\/wp-content\/uploads\/\/2021\/08\/instagram.svg 1536w, https:\/\/prizrencommerce.com\/wp-content\/uploads\/\/2021\/08\/instagram.svg 2048w, https:\/\/prizrencommerce.com\/wp-content\/uploads\/\/2021\/08\/instagram.svg 24w\" sizes=\"auto, (max-width: 24px) 100vw, 24px\" \/>\t\t\t\t\t\t\n\t\t\t\t\t<\/div>\n\t\t\t\t\t\t<\/a>\t\t\n<style>\n#image_1462101273 {\n  width: 27%;\n}\n<\/style>\n\t<\/div>\n\t\n\n\n\t\t\n<style>\n#stack-745948182 > * {\n  --stack-gap: 1rem;\n}\n<\/style>\n\t<\/div>\n\t\n\n\t\t<\/div>\n\t\t\t\t\t<\/div>\n\n\t\n\n<\/div>\n\n\t\t<\/div>\n\n\t\t\n<style>\n#section_760629616 {\n  padding-top: 0px;\n  padding-bottom: 0px;\n  background-color: rgb(240, 240, 240);\n}\n#section_760629616 .section-bg-overlay {\n  background-color: rgba(240, 240, 240, 0.756);\n}\n#section_760629616 .section-bg img {\n  object-position: 0% 50%;\n}\n<\/style>\n\t<\/section>\n\t\n\n","protected":false},"excerpt":{"rendered":"","protected":false},"author":1,"featured_media":0,"parent":0,"menu_order":0,"comment_status":"closed","ping_status":"closed","template":"page-blank.php","meta":{"footnotes":""},"class_list":["post-7","page","type-page","status-publish","hentry"],"_links":{"self":[{"href":"https:\/\/prizrencommerce.com\/index.php\/wp-json\/wp\/v2\/pages\/7","targetHints":{"allow":["GET"]}}],"collection":[{"href":"https:\/\/prizrencommerce.com\/index.php\/wp-json\/wp\/v2\/pages"}],"about":[{"href":"https:\/\/prizrencommerce.com\/index.php\/wp-json\/wp\/v2\/types\/page"}],"author":[{"embeddable":true,"href":"https:\/\/prizrencommerce.com\/index.php\/wp-json\/wp\/v2\/users\/1"}],"replies":[{"embeddable":true,"href":"https:\/\/prizrencommerce.com\/index.php\/wp-json\/wp\/v2\/comments?post=7"}],"version-history":[{"count":8,"href":"https:\/\/prizrencommerce.com\/index.php\/wp-json\/wp\/v2\/pages\/7\/revisions"}],"predecessor-version":[{"id":419,"href":"https:\/\/prizrencommerce.com\/index.php\/wp-json\/wp\/v2\/pages\/7\/revisions\/419"}],"wp:attachment":[{"href":"https:\/\/prizrencommerce.com\/index.php\/wp-json\/wp\/v2\/media?parent=7"}],"curies":[{"name":"wp","href":"https:\/\/api.w.org\/{rel}","templated":true}]}}